{"id":39,"date":"2023-01-16T13:14:25","date_gmt":"2023-01-16T13:14:25","guid":{"rendered":"https:\/\/europechristmasmarkettours.com\/about-us\/"},"modified":"2023-10-04T12:45:53","modified_gmt":"2023-10-04T12:45:53","slug":"om-os","status":"publish","type":"page","link":"https:\/\/europechristmasmarkettours.com\/da\/about-us\/","title":{"rendered":"Om os"},"content":{"rendered":"<p>Velkommen til Europe Christmas Market Tours, en af de hurtigst voksende virksomheder, der specialiserer sig i <strong>Rejser til julemarkeder<\/strong>. Mit navn er Ivana, og som leder af dette utrolige foretagende er jeg begejstret for at introducere dig til vores verden af magiske oplevelser.<\/p>\n\n\n\n<p>Europa er et kontinent rigt p\u00e5 mangfoldighed og tilbyder et v\u00e6ld af aktiviteter p\u00e5 tv\u00e6rs af de mange lande. Lige fra <strong>snekl\u00e6dte alper<\/strong> til <strong>historiske pladser i Wien<\/strong>er mulighederne for nydelse uendelige. Som erfarne eksperter i <strong>Europ\u00e6iske udflugter<\/strong>Det var kun naturligt for os at udvide vores ekspertise til specialiserede rejser, der im\u00f8dekommer en r\u00e6kke pr\u00e6ferencer, b\u00e5de afslappede og eventyrlystne.<\/p>\n\n\n\n<figure class=\"wp-block-image size-large\"><img loading=\"lazy\" decoding=\"async\" width=\"1024\" height=\"661\" src=\"https:\/\/europechristmasmarkettours.com\/wp-content\/uploads\/family-winter-holidays-and-celebration-concept-happy-mother-father-and-little-daughter-at-christmas-market-on-town-hall-square-in-tallinn-estonia-stockpack-adobe-stock-1024x661.webp\" alt=\"familie, vinterferie og festkoncept - glad mor, far og lille datter p\u00e5 julemarked p\u00e5 r\u00e5dhuspladsen i tallinn, estland\" class=\"wp-image-849\" srcset=\"https:\/\/europechristmasmarkettours.com\/wp-content\/uploads\/\/family-winter-holidays-and-celebration-concept-happy-mother-father-and-little-daughter-at-christmas-market-on-town-hall-square-in-tallinn-estonia-stockpack-adobe-stock-1024x661.webp 1024w, https:\/\/europechristmasmarkettours.com\/wp-content\/uploads\/\/family-winter-holidays-and-celebration-concept-happy-mother-father-and-little-daughter-at-christmas-market-on-town-hall-square-in-tallinn-estonia-stockpack-adobe-stock-300x194.webp 300w, https:\/\/europechristmasmarkettours.com\/wp-content\/uploads\/\/family-winter-holidays-and-celebration-concept-happy-mother-father-and-little-daughter-at-christmas-market-on-town-hall-square-in-tallinn-estonia-stockpack-adobe-stock-768x495.webp 768w, https:\/\/europechristmasmarkettours.com\/wp-content\/uploads\/\/family-winter-holidays-and-celebration-concept-happy-mother-father-and-little-daughter-at-christmas-market-on-town-hall-square-in-tallinn-estonia-stockpack-adobe-stock-1536x991.webp 1536w, https:\/\/europechristmasmarkettours.com\/wp-content\/uploads\/\/family-winter-holidays-and-celebration-concept-happy-mother-father-and-little-daughter-at-christmas-market-on-town-hall-square-in-tallinn-estonia-stockpack-adobe-stock-2048x1321.webp 2048w, https:\/\/europechristmasmarkettours.com\/wp-content\/uploads\/\/family-winter-holidays-and-celebration-concept-happy-mother-father-and-little-daughter-at-christmas-market-on-town-hall-square-in-tallinn-estonia-stockpack-adobe-stock-18x12.webp 18w, https:\/\/europechristmasmarkettours.com\/wp-content\/uploads\/\/family-winter-holidays-and-celebration-concept-happy-mother-father-and-little-daughter-at-christmas-market-on-town-hall-square-in-tallinn-estonia-stockpack-adobe-stock-scaled.webp 1920w\" sizes=\"auto, (max-width: 1024px) 100vw, 1024px\" \/><figcaption class=\"wp-element-caption\">Skab familieminder i denne feries\u00e6son<\/figcaption><\/figure>\n\n\n\n<h2 class=\"wp-block-heading\">M\u00f8d vores team<\/h2>\n\n\n\n<p>Vores team er en livlig gruppe af individer, der er forenet af en f\u00e6lles passion: <strong>k\u00e6rligheden til julen<\/strong>. Vi er ivrige entusiaster af den festlige s\u00e6son, og vores prim\u00e6re m\u00e5l er at hj\u00e6lpe dig med at opleve den samme gl\u00e6de og forundring, som vi g\u00f8r, ved at fordybe dig i den mest <strong>fortryllende julemarkeder<\/strong> Europa har at byde p\u00e5.<\/p>\n\n\n\n<p>Vi tager stressen ud af <strong>Ferieplanl\u00e6gning<\/strong> ved at styre al logistikken. Fra <strong>booking af f\u00f8rsteklasses indkvartering <\/strong>til detaljerede rejseplaner, s\u00e5 har vi styr p\u00e5 det. Og fordi vi forst\u00e5r, at sp\u00f8rgsm\u00e5l og behov kan opst\u00e5 n\u00e5r som helst, <strong>Vi tilbyder support d\u00f8gnet rundt <\/strong>for at sikre, at din rejse er problemfri fra start til slut.<\/p>\n\n\n\n<figure class=\"wp-block-image size-large\"><img decoding=\"async\" src=\"https:\/\/europechristmasmarkettours.com\/wp-content\/uploads\/christmas-germany-1024x768.webp\" alt=\"Idyllisk julemarked i den gamle bydel Bernkastel-Kues ved Mosel, Tyskland\" class=\"wp-image-851\"\/><figcaption class=\"wp-element-caption\">Forh\u00f8j din jul p\u00e5 Europas festlige markeder<\/figcaption><\/figure>\n\n\n\n<h2 class=\"wp-block-heading\">Oplev din perfekte julemarkedstur<\/h2>\n\n\n\n<p>G\u00e5 ikke glip af chancen for at udforske vores mangfoldige udvalg af <a href=\"https:\/\/europechristmasmarkettours.com\/da\/#products\">Ture til Europas julemarkeder<\/a>. Uanset om du er interesseret i den traditionelle charme i <strong>Tysk<\/strong> <strong>markeder<\/strong> eller den romantiske tiltr\u00e6kning af en <strong>Jul i alperne<\/strong>har vi en tur, der er skr\u00e6ddersyet til dine \u00f8nsker.<\/p>\n\n\n\n<p>Dyk ned i vores udvalg af kuraterede oplevelser, og find den tur, der taler til dig. Lad os guide dig gennem en <strong>vinterlandskab<\/strong> der ikke kun lover fortryllelse, men ogs\u00e5 den h\u00f8jeste standard af service og bekvemmelighed. Din <strong>Dr\u00f8mmen om en julemarkedsoplevelse<\/strong> er kun et klik v\u00e6k.<\/p>","protected":false},"excerpt":{"rendered":"<p>Velkommen til Europe Christmas Market Tours, en af de hurtigst voksende virksomheder, der specialiserer sig i julemarkedsrejser. Mit navn er Ivana, og som leder af dette utrolige foretagende er jeg begejstret for at introducere dig til vores verden af magiske oplevelser. Europa er et kontinent rigt p\u00e5 mangfoldighed og tilbyder et v\u00e6ld af aktiviteter p\u00e5 tv\u00e6rs af de mange lande. ... <a href=\"https:\/\/europechristmasmarkettours.com\/da\/about-us\/\">Fortsat<\/a><\/p>","protected":false},"author":39,"featured_media":795,"parent":0,"menu_order":0,"comment_status":"closed","ping_status":"closed","template":"","meta":{"footnotes":""},"class_list":["post-39","page","type-page","status-publish","has-post-thumbnail","hentry"],"acf":{"page_subheading":"Learn about the dedicated team at Europe Christmas Market Tours that brings the magic of European Christmas markets to life for travelers worldwide."},"_links":{"self":[{"href":"https:\/\/europechristmasmarkettours.com\/da\/wp-json\/wp\/v2\/pages\/39","targetHints":{"allow":["GET"]}}],"collection":[{"href":"https:\/\/europechristmasmarkettours.com\/da\/wp-json\/wp\/v2\/pages"}],"about":[{"href":"https:\/\/europechristmasmarkettours.com\/da\/wp-json\/wp\/v2\/types\/page"}],"author":[{"embeddable":true,"href":"https:\/\/europechristmasmarkettours.com\/da\/wp-json\/wp\/v2\/users\/39"}],"replies":[{"embeddable":true,"href":"https:\/\/europechristmasmarkettours.com\/da\/wp-json\/wp\/v2\/comments?post=39"}],"version-history":[{"count":6,"href":"https:\/\/europechristmasmarkettours.com\/da\/wp-json\/wp\/v2\/pages\/39\/revisions"}],"predecessor-version":[{"id":855,"href":"https:\/\/europechristmasmarkettours.com\/da\/wp-json\/wp\/v2\/pages\/39\/revisions\/855"}],"wp:featuredmedia":[{"embeddable":true,"href":"https:\/\/europechristmasmarkettours.com\/da\/wp-json\/wp\/v2\/media\/795"}],"wp:attachment":[{"href":"https:\/\/europechristmasmarkettours.com\/da\/wp-json\/wp\/v2\/media?parent=39"}],"curies":[{"name":"wp","href":"https:\/\/api.w.org\/{rel}","templated":true}]}}