{"id":39,"date":"2023-01-16T13:14:25","date_gmt":"2023-01-16T13:14:25","guid":{"rendered":"https:\/\/europechristmasmarkettours.com\/about-us\/"},"modified":"2023-10-04T12:45:53","modified_gmt":"2023-10-04T12:45:53","slug":"uber-uns","status":"publish","type":"page","link":"https:\/\/europechristmasmarkettours.com\/de\/about-us\/","title":{"rendered":"\u00dcber uns"},"content":{"rendered":"<p>Willkommen bei Europe Christmas Market Tours, einem der am schnellsten wachsenden Unternehmen, das sich auf <strong>Ausfl\u00fcge zum Weihnachtsmarkt<\/strong>. Mein Name ist Ivana, und als Leiterin dieses unglaublichen Unternehmens freue ich mich, Ihnen unsere Welt der magischen Erlebnisse vorstellen zu d\u00fcrfen.<\/p>\n\n\n\n<p>Europa ist ein vielf\u00e4ltiger Kontinent, der in seinen vielen L\u00e4ndern eine F\u00fclle von Aktivit\u00e4ten bietet. Von der <strong>schneebedeckte Alpen<\/strong> zum <strong>historische Pl\u00e4tze in Wien<\/strong>sind die M\u00f6glichkeiten des Vergn\u00fcgens endlos. Als erfahrene Experten f\u00fcr <strong>Europ\u00e4ische Kurzurlaube<\/strong>Da war es nur nat\u00fcrlich, dass wir unser Fachwissen auf spezialisierte Reisen ausdehnten, die eine Reihe von Vorlieben abdecken, sowohl f\u00fcr die Freizeit als auch f\u00fcr das Abenteuer.<\/p>\n\n\n\n<figure class=\"wp-block-image size-large\"><img loading=\"lazy\" decoding=\"async\" width=\"1024\" height=\"661\" src=\"https:\/\/europechristmasmarkettours.com\/wp-content\/uploads\/family-winter-holidays-and-celebration-concept-happy-mother-father-and-little-daughter-at-christmas-market-on-town-hall-square-in-tallinn-estonia-stockpack-adobe-stock-1024x661.webp\" alt=\"familie, winterurlaub und feierkonzept - gl\u00fcckliche mutter, vater und kleine tochter auf dem weihnachtsmarkt am rathausplatz in tallinn, estland\" class=\"wp-image-849\" srcset=\"https:\/\/europechristmasmarkettours.com\/wp-content\/uploads\/\/family-winter-holidays-and-celebration-concept-happy-mother-father-and-little-daughter-at-christmas-market-on-town-hall-square-in-tallinn-estonia-stockpack-adobe-stock-1024x661.webp 1024w, https:\/\/europechristmasmarkettours.com\/wp-content\/uploads\/\/family-winter-holidays-and-celebration-concept-happy-mother-father-and-little-daughter-at-christmas-market-on-town-hall-square-in-tallinn-estonia-stockpack-adobe-stock-300x194.webp 300w, https:\/\/europechristmasmarkettours.com\/wp-content\/uploads\/\/family-winter-holidays-and-celebration-concept-happy-mother-father-and-little-daughter-at-christmas-market-on-town-hall-square-in-tallinn-estonia-stockpack-adobe-stock-768x495.webp 768w, https:\/\/europechristmasmarkettours.com\/wp-content\/uploads\/\/family-winter-holidays-and-celebration-concept-happy-mother-father-and-little-daughter-at-christmas-market-on-town-hall-square-in-tallinn-estonia-stockpack-adobe-stock-1536x991.webp 1536w, https:\/\/europechristmasmarkettours.com\/wp-content\/uploads\/\/family-winter-holidays-and-celebration-concept-happy-mother-father-and-little-daughter-at-christmas-market-on-town-hall-square-in-tallinn-estonia-stockpack-adobe-stock-2048x1321.webp 2048w, https:\/\/europechristmasmarkettours.com\/wp-content\/uploads\/\/family-winter-holidays-and-celebration-concept-happy-mother-father-and-little-daughter-at-christmas-market-on-town-hall-square-in-tallinn-estonia-stockpack-adobe-stock-18x12.webp 18w, https:\/\/europechristmasmarkettours.com\/wp-content\/uploads\/\/family-winter-holidays-and-celebration-concept-happy-mother-father-and-little-daughter-at-christmas-market-on-town-hall-square-in-tallinn-estonia-stockpack-adobe-stock-scaled.webp 1920w\" sizes=\"auto, (max-width: 1024px) 100vw, 1024px\" \/><figcaption class=\"wp-element-caption\">Schaffen Sie in dieser Ferienzeit Familienerinnerungen<\/figcaption><\/figure>\n\n\n\n<h2 class=\"wp-block-heading\">Treffen Sie unser Team<\/h2>\n\n\n\n<p>Unser Team ist eine lebendige Gruppe von Menschen, die durch eine gemeinsame Leidenschaft vereint sind: <strong>die Liebe zu Weihnachten<\/strong>. Wir sind begeisterte Liebhaber der Weihnachtszeit und unser Hauptziel ist es, Ihnen dabei zu helfen, die gleiche Freude und das gleiche Wunder zu erleben wie wir, indem wir Sie in die sch\u00f6nsten Festtage eintauchen lassen. <strong>zauberhafte Weihnachtsm\u00e4rkte<\/strong> Europa zu bieten hat.<\/p>\n\n\n\n<p>Wir nehmen den Stress aus <strong>Urlaubsplanung<\/strong> durch die Verwaltung der gesamten Logistik. Von <strong>Buchung von erstklassigen Unterk\u00fcnften <\/strong>bis hin zu detaillierten Reisepl\u00e4nen - wir haben alles f\u00fcr Sie. Und weil wir wissen, dass jederzeit Fragen und Bed\u00fcrfnisse auftauchen k\u00f6nnen, <strong>wir bieten Unterst\u00fctzung rund um die Uhr <\/strong>um sicherzustellen, dass Ihre Reise von Anfang bis Ende reibungslos verl\u00e4uft.<\/p>\n\n\n\n<figure class=\"wp-block-image size-large\"><img decoding=\"async\" src=\"https:\/\/europechristmasmarkettours.com\/wp-content\/uploads\/christmas-germany-1024x768.webp\" alt=\"Idyllischer Weihnachtsmarkt in der Altstadt von Bernkastel-Kues an der Mosel, Deutschland\" class=\"wp-image-851\"\/><figcaption class=\"wp-element-caption\">Erh\u00f6hen Sie Ihr Weihnachtsfest auf den festlichen M\u00e4rkten Europas<\/figcaption><\/figure>\n\n\n\n<h2 class=\"wp-block-heading\">Entdecken Sie Ihre perfekte Weihnachtsmarkt-Tour<\/h2>\n\n\n\n<p>Verpassen Sie nicht die Gelegenheit, unser vielf\u00e4ltiges Angebot an <a href=\"https:\/\/europechristmasmarkettours.com\/de\/#products\">Europa Weihnachtsmarkt Touren<\/a>. Ob Sie sich f\u00fcr den traditionellen Charme der <strong>Deutsch<\/strong> <strong>M\u00e4rkte<\/strong> oder die romantischen Verlockungen eines <strong>Alpine Weihnachten<\/strong>haben wir eine auf Ihre W\u00fcnsche zugeschnittene Tour.<\/p>\n\n\n\n<p>Tauchen Sie ein in unsere Auswahl an ausgew\u00e4hlten Erlebnissen und finden Sie die Tour, die Sie anspricht. Wir f\u00fchren Sie durch eine <strong>Winterwunderland<\/strong> die nicht nur Verzauberung, sondern auch ein H\u00f6chstma\u00df an Service und Komfort verspricht. Ihr <strong>Traumhaftes Weihnachtsmarkterlebnis<\/strong> ist nur einen Klick entfernt.<\/p>","protected":false},"excerpt":{"rendered":"<p>Willkommen bei Europe Christmas Market Tours, einem der am schnellsten wachsenden Unternehmen, das sich auf Weihnachtsmarktreisen spezialisiert hat. Mein Name ist Ivana, und als Gesch\u00e4ftsf\u00fchrerin dieses unglaublichen Unternehmens freue ich mich, Ihnen unsere Welt der magischen Erlebnisse vorstellen zu d\u00fcrfen. Europa ist ein Kontinent, der reich an Vielfalt ist und eine F\u00fclle von Aktivit\u00e4ten in seinen vielen L\u00e4ndern bietet. ... <a href=\"https:\/\/europechristmasmarkettours.com\/de\/about-us\/\">Fortsetzung<\/a><\/p>","protected":false},"author":39,"featured_media":795,"parent":0,"menu_order":0,"comment_status":"closed","ping_status":"closed","template":"","meta":{"footnotes":""},"class_list":["post-39","page","type-page","status-publish","has-post-thumbnail","hentry"],"acf":{"page_subheading":"Learn about the dedicated team at Europe Christmas Market Tours that brings the magic of European Christmas markets to life for travelers worldwide."},"_links":{"self":[{"href":"https:\/\/europechristmasmarkettours.com\/de\/wp-json\/wp\/v2\/pages\/39","targetHints":{"allow":["GET"]}}],"collection":[{"href":"https:\/\/europechristmasmarkettours.com\/de\/wp-json\/wp\/v2\/pages"}],"about":[{"href":"https:\/\/europechristmasmarkettours.com\/de\/wp-json\/wp\/v2\/types\/page"}],"author":[{"embeddable":true,"href":"https:\/\/europechristmasmarkettours.com\/de\/wp-json\/wp\/v2\/users\/39"}],"replies":[{"embeddable":true,"href":"https:\/\/europechristmasmarkettours.com\/de\/wp-json\/wp\/v2\/comments?post=39"}],"version-history":[{"count":6,"href":"https:\/\/europechristmasmarkettours.com\/de\/wp-json\/wp\/v2\/pages\/39\/revisions"}],"predecessor-version":[{"id":855,"href":"https:\/\/europechristmasmarkettours.com\/de\/wp-json\/wp\/v2\/pages\/39\/revisions\/855"}],"wp:featuredmedia":[{"embeddable":true,"href":"https:\/\/europechristmasmarkettours.com\/de\/wp-json\/wp\/v2\/media\/795"}],"wp:attachment":[{"href":"https:\/\/europechristmasmarkettours.com\/de\/wp-json\/wp\/v2\/media?parent=39"}],"curies":[{"name":"wp","href":"https:\/\/api.w.org\/{rel}","templated":true}]}}