{"id":39,"date":"2023-01-16T13:14:25","date_gmt":"2023-01-16T13:14:25","guid":{"rendered":"https:\/\/europechristmasmarkettours.com\/about-us\/"},"modified":"2023-10-04T12:45:53","modified_gmt":"2023-10-04T12:45:53","slug":"acerca-de-nosotros","status":"publish","type":"page","link":"https:\/\/europechristmasmarkettours.com\/es\/about-us\/","title":{"rendered":"Qui\u00e9nes somos"},"content":{"rendered":"<p>Bienvenido a Europe Christmas Market Tours, una de las empresas de m\u00e1s r\u00e1pido crecimiento especializada en <strong>Mercados navide\u00f1os<\/strong>. Me llamo Ivana y, como directora de esta incre\u00edble empresa, estoy encantada de presentarte nuestro mundo de experiencias m\u00e1gicas.<\/p>\n\n\n\n<p>Europa es un continente rico en diversidad, que ofrece un sinf\u00edn de actividades en sus numerosos pa\u00edses. Desde el <strong>Alpes nevados<\/strong> a la <strong>plazas hist\u00f3ricas de Viena<\/strong>las posibilidades de diversi\u00f3n son infinitas. Como expertos en <strong>Escapadas a Europa<\/strong>Por lo tanto, era natural que ampli\u00e1ramos nuestra experiencia a vacaciones especializadas que se adaptan a una serie de preferencias, tanto de ocio como de aventura.<\/p>\n\n\n\n<figure class=\"wp-block-image size-large\"><img loading=\"lazy\" decoding=\"async\" width=\"1024\" height=\"661\" src=\"https:\/\/europechristmasmarkettours.com\/wp-content\/uploads\/family-winter-holidays-and-celebration-concept-happy-mother-father-and-little-daughter-at-christmas-market-on-town-hall-square-in-tallinn-estonia-stockpack-adobe-stock-1024x661.webp\" alt=\"familia, vacaciones de invierno y concepto de celebracion - feliz madre, padre e hija peque\u00f1a en el mercado de navidad en la plaza del ayuntamiento en tallin, estonia\" class=\"wp-image-849\" srcset=\"https:\/\/europechristmasmarkettours.com\/wp-content\/uploads\/\/family-winter-holidays-and-celebration-concept-happy-mother-father-and-little-daughter-at-christmas-market-on-town-hall-square-in-tallinn-estonia-stockpack-adobe-stock-1024x661.webp 1024w, https:\/\/europechristmasmarkettours.com\/wp-content\/uploads\/\/family-winter-holidays-and-celebration-concept-happy-mother-father-and-little-daughter-at-christmas-market-on-town-hall-square-in-tallinn-estonia-stockpack-adobe-stock-300x194.webp 300w, https:\/\/europechristmasmarkettours.com\/wp-content\/uploads\/\/family-winter-holidays-and-celebration-concept-happy-mother-father-and-little-daughter-at-christmas-market-on-town-hall-square-in-tallinn-estonia-stockpack-adobe-stock-768x495.webp 768w, https:\/\/europechristmasmarkettours.com\/wp-content\/uploads\/\/family-winter-holidays-and-celebration-concept-happy-mother-father-and-little-daughter-at-christmas-market-on-town-hall-square-in-tallinn-estonia-stockpack-adobe-stock-1536x991.webp 1536w, https:\/\/europechristmasmarkettours.com\/wp-content\/uploads\/\/family-winter-holidays-and-celebration-concept-happy-mother-father-and-little-daughter-at-christmas-market-on-town-hall-square-in-tallinn-estonia-stockpack-adobe-stock-2048x1321.webp 2048w, https:\/\/europechristmasmarkettours.com\/wp-content\/uploads\/\/family-winter-holidays-and-celebration-concept-happy-mother-father-and-little-daughter-at-christmas-market-on-town-hall-square-in-tallinn-estonia-stockpack-adobe-stock-18x12.webp 18w, https:\/\/europechristmasmarkettours.com\/wp-content\/uploads\/\/family-winter-holidays-and-celebration-concept-happy-mother-father-and-little-daughter-at-christmas-market-on-town-hall-square-in-tallinn-estonia-stockpack-adobe-stock-scaled.webp 1920w\" sizes=\"auto, (max-width: 1024px) 100vw, 1024px\" \/><figcaption class=\"wp-element-caption\">Cree recuerdos en familia estas fiestas<\/figcaption><\/figure>\n\n\n\n<h2 class=\"wp-block-heading\">Conoce a nuestro equipo<\/h2>\n\n\n\n<p>Nuestro equipo es un vibrante grupo de personas unidas por una pasi\u00f3n com\u00fan: <strong>el amor por la Navidad<\/strong>. Somos \u00e1vidos entusiastas de la temporada festiva y nuestro objetivo principal es ayudarle a experimentar la misma alegr\u00eda y maravilla que nosotros, sumergi\u00e9ndole en la m\u00e1s <strong>Encantadores mercados navide\u00f1os<\/strong> que ofrece Europa.<\/p>\n\n\n\n<p>Eliminamos el estr\u00e9s de <strong>planificaci\u00f3n de las vacaciones<\/strong> gestionando toda la log\u00edstica. En <strong>reservar un alojamiento de primera <\/strong>hasta proporcionarle itinerarios detallados, le tenemos cubierto. Y porque sabemos que pueden surgir preguntas y necesidades en cualquier momento, <strong>ofrecemos asistencia las 24 horas del d\u00eda <\/strong>para que su viaje sea perfecto de principio a fin.<\/p>\n\n\n\n<figure class=\"wp-block-image size-large\"><img decoding=\"async\" src=\"https:\/\/europechristmasmarkettours.com\/wp-content\/uploads\/christmas-germany-1024x768.webp\" alt=\"Id\u00edlico mercado navide\u00f1o en el casco antiguo de Bernkastel-Kues, en el Mosela, Alemania\" class=\"wp-image-851\"\/><figcaption class=\"wp-element-caption\">Mejore su Navidad en los mercados festivos de Europa<\/figcaption><\/figure>\n\n\n\n<h2 class=\"wp-block-heading\">Descubra el mercado navide\u00f1o perfecto para usted<\/h2>\n\n\n\n<p>No pierda la oportunidad de explorar nuestra variada gama de <a href=\"https:\/\/europechristmasmarkettours.com\/es\/#products\">Recorridos por los mercados navide\u00f1os de Europa<\/a>. Tanto si le interesa el encanto tradicional de <strong>Alem\u00e1n<\/strong> <strong>mercados<\/strong> o el rom\u00e1ntico encanto de un <strong>Navidad alpina<\/strong>tenemos un recorrido a la medida de sus deseos.<\/p>\n\n\n\n<p>Sum\u00e9rjase en nuestra selecci\u00f3n de experiencias y encuentre la excursi\u00f3n que m\u00e1s le guste. D\u00e9jenos guiarle a trav\u00e9s de <strong>pa\u00eds de las maravillas invernal<\/strong> que promete no s\u00f3lo encanto, sino tambi\u00e9n el m\u00e1s alto nivel de servicio y comodidad. Su <strong>una experiencia de ensue\u00f1o en un mercado navide\u00f1o<\/strong> est\u00e1 a un solo clic.<\/p>","protected":false},"excerpt":{"rendered":"<p>Bienvenido a Europe Christmas Market Tours, una de las empresas de m\u00e1s r\u00e1pido crecimiento especializada en viajes a mercados navide\u00f1os. Me llamo Ivana y, como directora de esta incre\u00edble empresa, estoy encantada de presentarle nuestro mundo de experiencias m\u00e1gicas. Europa es un continente rico en diversidad, que ofrece una pl\u00e9tora de actividades a trav\u00e9s de sus muchos pa\u00edses. ... <a href=\"https:\/\/europechristmasmarkettours.com\/es\/about-us\/\">Contin\u00faa en<\/a><\/p>","protected":false},"author":39,"featured_media":795,"parent":0,"menu_order":0,"comment_status":"closed","ping_status":"closed","template":"","meta":{"footnotes":""},"class_list":["post-39","page","type-page","status-publish","has-post-thumbnail","hentry"],"acf":{"page_subheading":"Learn about the dedicated team at Europe Christmas Market Tours that brings the magic of European Christmas markets to life for travelers worldwide."},"_links":{"self":[{"href":"https:\/\/europechristmasmarkettours.com\/es\/wp-json\/wp\/v2\/pages\/39","targetHints":{"allow":["GET"]}}],"collection":[{"href":"https:\/\/europechristmasmarkettours.com\/es\/wp-json\/wp\/v2\/pages"}],"about":[{"href":"https:\/\/europechristmasmarkettours.com\/es\/wp-json\/wp\/v2\/types\/page"}],"author":[{"embeddable":true,"href":"https:\/\/europechristmasmarkettours.com\/es\/wp-json\/wp\/v2\/users\/39"}],"replies":[{"embeddable":true,"href":"https:\/\/europechristmasmarkettours.com\/es\/wp-json\/wp\/v2\/comments?post=39"}],"version-history":[{"count":6,"href":"https:\/\/europechristmasmarkettours.com\/es\/wp-json\/wp\/v2\/pages\/39\/revisions"}],"predecessor-version":[{"id":855,"href":"https:\/\/europechristmasmarkettours.com\/es\/wp-json\/wp\/v2\/pages\/39\/revisions\/855"}],"wp:featuredmedia":[{"embeddable":true,"href":"https:\/\/europechristmasmarkettours.com\/es\/wp-json\/wp\/v2\/media\/795"}],"wp:attachment":[{"href":"https:\/\/europechristmasmarkettours.com\/es\/wp-json\/wp\/v2\/media?parent=39"}],"curies":[{"name":"wp","href":"https:\/\/api.w.org\/{rel}","templated":true}]}}