{"id":39,"date":"2023-01-16T13:14:25","date_gmt":"2023-01-16T13:14:25","guid":{"rendered":"https:\/\/europechristmasmarkettours.com\/about-us\/"},"modified":"2023-10-04T12:45:53","modified_gmt":"2023-10-04T12:45:53","slug":"a-propos-de-nous","status":"publish","type":"page","link":"https:\/\/europechristmasmarkettours.com\/fr\/about-us\/","title":{"rendered":"\u00c0 propos de nous"},"content":{"rendered":"<p>Bienvenue \u00e0 Europe Christmas Market Tours, l'une des entreprises \u00e0 la croissance la plus rapide, sp\u00e9cialis\u00e9e dans les march\u00e9s de No\u00ebl. <strong>Voyages sur les march\u00e9s de No\u00ebl<\/strong>. Je m'appelle Ivana, et en tant que directrice de cette incroyable entreprise, je suis ravie de vous pr\u00e9senter notre monde d'exp\u00e9riences magiques.<\/p>\n\n\n\n<p>L'Europe est un continent riche en diversit\u00e9, offrant une pl\u00e9thore d'activit\u00e9s \u00e0 travers ses nombreux pays. De la <strong>les Alpes enneig\u00e9es<\/strong> \u00e0 la <strong>Les places historiques de Vienne<\/strong>Les possibilit\u00e9s d'en profiter sont infinies. En tant qu'experts chevronn\u00e9s en <strong>Escapades europ\u00e9ennes<\/strong>Il \u00e9tait donc naturel pour nous d'\u00e9tendre notre expertise aux vacances sp\u00e9cialis\u00e9es qui r\u00e9pondent \u00e0 un \u00e9ventail de pr\u00e9f\u00e9rences, qu'il s'agisse de loisirs ou d'aventures.<\/p>\n\n\n\n<figure class=\"wp-block-image size-large\"><img loading=\"lazy\" decoding=\"async\" width=\"1024\" height=\"661\" src=\"https:\/\/europechristmasmarkettours.com\/wp-content\/uploads\/family-winter-holidays-and-celebration-concept-happy-mother-father-and-little-daughter-at-christmas-market-on-town-hall-square-in-tallinn-estonia-stockpack-adobe-stock-1024x661.webp\" alt=\"famille, vacances d&#039;hiver et concept de c\u00e9l\u00e9bration - m\u00e8re, p\u00e8re et petite fille heureux au march\u00e9 de No\u00ebl sur la place de l&#039;h\u00f4tel de ville \u00e0 tallinn, estonie\" class=\"wp-image-849\" srcset=\"https:\/\/europechristmasmarkettours.com\/wp-content\/uploads\/\/family-winter-holidays-and-celebration-concept-happy-mother-father-and-little-daughter-at-christmas-market-on-town-hall-square-in-tallinn-estonia-stockpack-adobe-stock-1024x661.webp 1024w, https:\/\/europechristmasmarkettours.com\/wp-content\/uploads\/\/family-winter-holidays-and-celebration-concept-happy-mother-father-and-little-daughter-at-christmas-market-on-town-hall-square-in-tallinn-estonia-stockpack-adobe-stock-300x194.webp 300w, https:\/\/europechristmasmarkettours.com\/wp-content\/uploads\/\/family-winter-holidays-and-celebration-concept-happy-mother-father-and-little-daughter-at-christmas-market-on-town-hall-square-in-tallinn-estonia-stockpack-adobe-stock-768x495.webp 768w, https:\/\/europechristmasmarkettours.com\/wp-content\/uploads\/\/family-winter-holidays-and-celebration-concept-happy-mother-father-and-little-daughter-at-christmas-market-on-town-hall-square-in-tallinn-estonia-stockpack-adobe-stock-1536x991.webp 1536w, https:\/\/europechristmasmarkettours.com\/wp-content\/uploads\/\/family-winter-holidays-and-celebration-concept-happy-mother-father-and-little-daughter-at-christmas-market-on-town-hall-square-in-tallinn-estonia-stockpack-adobe-stock-2048x1321.webp 2048w, https:\/\/europechristmasmarkettours.com\/wp-content\/uploads\/\/family-winter-holidays-and-celebration-concept-happy-mother-father-and-little-daughter-at-christmas-market-on-town-hall-square-in-tallinn-estonia-stockpack-adobe-stock-18x12.webp 18w, https:\/\/europechristmasmarkettours.com\/wp-content\/uploads\/\/family-winter-holidays-and-celebration-concept-happy-mother-father-and-little-daughter-at-christmas-market-on-town-hall-square-in-tallinn-estonia-stockpack-adobe-stock-scaled.webp 1920w\" sizes=\"auto, (max-width: 1024px) 100vw, 1024px\" \/><figcaption class=\"wp-element-caption\">Cr\u00e9ez des souvenirs familiaux pendant les f\u00eates de fin d'ann\u00e9e<\/figcaption><\/figure>\n\n\n\n<h2 class=\"wp-block-heading\">Rencontrer notre \u00e9quipe<\/h2>\n\n\n\n<p>Notre \u00e9quipe est un groupe dynamique d'individus unis par une passion commune : <strong>l'amour de No\u00ebl<\/strong>. Nous sommes des passionn\u00e9s des f\u00eates de fin d'ann\u00e9e et notre objectif premier est de vous faire vivre la m\u00eame joie et le m\u00eame \u00e9merveillement que nous, en vous immergeant dans les plus grandes f\u00eates de fin d'ann\u00e9e. <strong>Des march\u00e9s de No\u00ebl enchanteurs<\/strong> L'Europe a beaucoup \u00e0 offrir.<\/p>\n\n\n\n<p>Nous \u00e9liminons le stress de la <strong>planification des vacances<\/strong> en g\u00e9rant toute la logistique. A partir de <strong>la r\u00e9servation d'un h\u00e9bergement de qualit\u00e9 <\/strong>\u00e0 la fourniture d'itin\u00e9raires d\u00e9taill\u00e9s, nous avons tout pr\u00e9vu. Et parce que nous savons que des questions et des besoins peuvent surgir \u00e0 tout moment, <strong>nous offrons une assistance 24 heures sur 24 <\/strong>pour que votre voyage se d\u00e9roule sans encombre du d\u00e9but \u00e0 la fin.<\/p>\n\n\n\n<figure class=\"wp-block-image size-large\"><img decoding=\"async\" src=\"https:\/\/europechristmasmarkettours.com\/wp-content\/uploads\/christmas-germany-1024x768.webp\" alt=\"March\u00e9 de No\u00ebl idyllique dans la vieille ville de Bernkastel-Kues sur la Moselle, Allemagne\" class=\"wp-image-851\"\/><figcaption class=\"wp-element-caption\">Les march\u00e9s festifs d'Europe donnent de l'\u00e9clat \u00e0 votre No\u00ebl<\/figcaption><\/figure>\n\n\n\n<h2 class=\"wp-block-heading\">D\u00e9couvrez la visite parfaite du march\u00e9 de No\u00ebl<\/h2>\n\n\n\n<p>Ne manquez pas l'occasion d'explorer notre gamme diversifi\u00e9e de <a href=\"https:\/\/europechristmasmarkettours.com\/fr\/#products\">Circuits des march\u00e9s de No\u00ebl en Europe<\/a>. Que vous soyez int\u00e9ress\u00e9 par le charme traditionnel des <strong>Allemand<\/strong> <strong>march\u00e9s<\/strong> ou l'attrait romantique d'un <strong>No\u00ebl alpin<\/strong>Nous vous proposons un circuit adapt\u00e9 \u00e0 vos souhaits.<\/p>\n\n\n\n<p>Plongez dans notre s\u00e9lection d'exp\u00e9riences et trouvez le circuit qui vous convient. Laissez-nous vous guider \u00e0 travers une <strong>pays des merveilles de l'hiver<\/strong> qui promet non seulement l'enchantement, mais aussi le plus haut niveau de service et de commodit\u00e9. Votre <strong>Un march\u00e9 de No\u00ebl de r\u00eave<\/strong> est \u00e0 port\u00e9e de clic.<\/p>","protected":false},"excerpt":{"rendered":"<p>Bienvenue \u00e0 Europe Christmas Market Tours, l'une des entreprises sp\u00e9cialis\u00e9es dans les voyages sur les march\u00e9s de No\u00ebl qui conna\u00eet la plus forte croissance. Je m'appelle Ivana et, en tant que directrice de cette incroyable entreprise, je suis ravie de vous pr\u00e9senter notre monde d'exp\u00e9riences magiques. L'Europe est un continent riche en diversit\u00e9, qui offre une pl\u00e9thore d'activit\u00e9s \u00e0 travers ses nombreux pays. ... <a href=\"https:\/\/europechristmasmarkettours.com\/fr\/about-us\/\">Suite<\/a><\/p>","protected":false},"author":39,"featured_media":795,"parent":0,"menu_order":0,"comment_status":"closed","ping_status":"closed","template":"","meta":{"footnotes":""},"class_list":["post-39","page","type-page","status-publish","has-post-thumbnail","hentry"],"acf":{"page_subheading":"Learn about the dedicated team at Europe Christmas Market Tours that brings the magic of European Christmas markets to life for travelers worldwide."},"_links":{"self":[{"href":"https:\/\/europechristmasmarkettours.com\/fr\/wp-json\/wp\/v2\/pages\/39","targetHints":{"allow":["GET"]}}],"collection":[{"href":"https:\/\/europechristmasmarkettours.com\/fr\/wp-json\/wp\/v2\/pages"}],"about":[{"href":"https:\/\/europechristmasmarkettours.com\/fr\/wp-json\/wp\/v2\/types\/page"}],"author":[{"embeddable":true,"href":"https:\/\/europechristmasmarkettours.com\/fr\/wp-json\/wp\/v2\/users\/39"}],"replies":[{"embeddable":true,"href":"https:\/\/europechristmasmarkettours.com\/fr\/wp-json\/wp\/v2\/comments?post=39"}],"version-history":[{"count":6,"href":"https:\/\/europechristmasmarkettours.com\/fr\/wp-json\/wp\/v2\/pages\/39\/revisions"}],"predecessor-version":[{"id":855,"href":"https:\/\/europechristmasmarkettours.com\/fr\/wp-json\/wp\/v2\/pages\/39\/revisions\/855"}],"wp:featuredmedia":[{"embeddable":true,"href":"https:\/\/europechristmasmarkettours.com\/fr\/wp-json\/wp\/v2\/media\/795"}],"wp:attachment":[{"href":"https:\/\/europechristmasmarkettours.com\/fr\/wp-json\/wp\/v2\/media?parent=39"}],"curies":[{"name":"wp","href":"https:\/\/api.w.org\/{rel}","templated":true}]}}